{"id":53,"date":"2016-07-20T18:57:00","date_gmt":"2016-07-20T18:57:00","guid":{"rendered":"http:\/\/demo.hashthemes.com\/total\/?page_id=53"},"modified":"2021-01-21T13:14:08","modified_gmt":"2021-01-21T12:14:08","slug":"business-consulting","status":"publish","type":"page","link":"https:\/\/kangroos.pl\/index.php\/business-consulting\/","title":{"rendered":"Logistyka"},"content":{"rendered":"<p>Dysponuj\u0105c w\u0142asna flot\u0105 transportow\u0105 mo\u017cemy terminowo realizowa\u0107 dostawy zar\u00f3wno w Polsce, jak i za granic\u0105.<\/p>\n","protected":false},"excerpt":{"rendered":"<p>Dysponuj\u0105c w\u0142asna flot\u0105 transportow\u0105 mo\u017cemy terminowo realizowa\u0107 dostawy zar\u00f3wno w Polsce, jak i za granic\u0105.<\/p>\n","protected":false},"author":1,"featured_media":0,"parent":0,"menu_order":0,"comment_status":"closed","ping_status":"closed","template":"","meta":{"footnotes":""},"class_list":["post-53","page","type-page","status-publish","hentry"],"_links":{"self":[{"href":"https:\/\/kangroos.pl\/index.php\/wp-json\/wp\/v2\/pages\/53","targetHints":{"allow":["GET"]}}],"collection":[{"href":"https:\/\/kangroos.pl\/index.php\/wp-json\/wp\/v2\/pages"}],"about":[{"href":"https:\/\/kangroos.pl\/index.php\/wp-json\/wp\/v2\/types\/page"}],"author":[{"embeddable":true,"href":"https:\/\/kangroos.pl\/index.php\/wp-json\/wp\/v2\/users\/1"}],"replies":[{"embeddable":true,"href":"https:\/\/kangroos.pl\/index.php\/wp-json\/wp\/v2\/comments?post=53"}],"version-history":[{"count":1,"href":"https:\/\/kangroos.pl\/index.php\/wp-json\/wp\/v2\/pages\/53\/revisions"}],"predecessor-version":[{"id":712,"href":"https:\/\/kangroos.pl\/index.php\/wp-json\/wp\/v2\/pages\/53\/revisions\/712"}],"wp:attachment":[{"href":"https:\/\/kangroos.pl\/index.php\/wp-json\/wp\/v2\/media?parent=53"}],"curies":[{"name":"wp","href":"https:\/\/api.w.org\/{rel}","templated":true}]}}