{"id":49,"date":"2016-07-20T18:55:38","date_gmt":"2016-07-20T18:55:38","guid":{"rendered":"http:\/\/demo.hashthemes.com\/total\/?page_id=49"},"modified":"2021-01-21T13:12:49","modified_gmt":"2021-01-21T12:12:49","slug":"project-management","status":"publish","type":"page","link":"https:\/\/kangroos.pl\/index.php\/project-management\/","title":{"rendered":"Dystrybucja"},"content":{"rendered":"<p>Posiadamy w\u0142asn\u0105 sie\u0107 dystrubucji produkt\u00f3w na rynkach zagranicznych. Naszymi g\u0142\u00f3wnymi odbiorcami s\u0105 supermarkety, restauracje i kasyna.<\/p>\n","protected":false},"excerpt":{"rendered":"<p>Posiadamy w\u0142asn\u0105 sie\u0107 dystrubucji produkt\u00f3w na rynkach zagranicznych. Naszymi g\u0142\u00f3wnymi odbiorcami s\u0105 supermarkety, restauracje i kasyna.<\/p>\n","protected":false},"author":1,"featured_media":0,"parent":0,"menu_order":0,"comment_status":"closed","ping_status":"closed","template":"","meta":{"footnotes":""},"class_list":["post-49","page","type-page","status-publish","hentry"],"_links":{"self":[{"href":"https:\/\/kangroos.pl\/index.php\/wp-json\/wp\/v2\/pages\/49","targetHints":{"allow":["GET"]}}],"collection":[{"href":"https:\/\/kangroos.pl\/index.php\/wp-json\/wp\/v2\/pages"}],"about":[{"href":"https:\/\/kangroos.pl\/index.php\/wp-json\/wp\/v2\/types\/page"}],"author":[{"embeddable":true,"href":"https:\/\/kangroos.pl\/index.php\/wp-json\/wp\/v2\/users\/1"}],"replies":[{"embeddable":true,"href":"https:\/\/kangroos.pl\/index.php\/wp-json\/wp\/v2\/comments?post=49"}],"version-history":[{"count":1,"href":"https:\/\/kangroos.pl\/index.php\/wp-json\/wp\/v2\/pages\/49\/revisions"}],"predecessor-version":[{"id":710,"href":"https:\/\/kangroos.pl\/index.php\/wp-json\/wp\/v2\/pages\/49\/revisions\/710"}],"wp:attachment":[{"href":"https:\/\/kangroos.pl\/index.php\/wp-json\/wp\/v2\/media?parent=49"}],"curies":[{"name":"wp","href":"https:\/\/api.w.org\/{rel}","templated":true}]}}